{"id":98,"date":"2025-01-09T16:28:35","date_gmt":"2025-01-09T16:28:35","guid":{"rendered":"http:\/\/coach-immo.fr\/?page_id=98"},"modified":"2025-03-14T17:16:08","modified_gmt":"2025-03-14T17:16:08","slug":"laurent-vanoverschelde","status":"publish","type":"page","link":"http:\/\/coach-immo.fr\/fr_fr\/laurent-vanoverschelde","title":{"rendered":"Laurent VANOVERSCHELDE"},"content":{"rendered":"\n<p>Je suis un homme dont la vie est un r\u00e9cit d&rsquo;aventure et de pers\u00e9v\u00e9rance, j\u2019ai vu le jour le 16 avril 1970 dans la pittoresque r\u00e9gion des Hauts-de-France. C&rsquo;est l\u00e0, parmi les vall\u00e9es verdoyantes et les villes historiques, que j\u2019ai consacr\u00e9 ma jeunesse \u00e0 l&rsquo;acquisition du savoir et \u00e0 l&rsquo;excellence sportive de haut niveau, se distinguant dans les deux domaines. Mais mon esprit inlassablement curieux qui m&rsquo;a pouss\u00e9 \u00e0 m&rsquo;\u00e9loigner des sentiers battus, \u00e0 la recherche de connaissances et d&rsquo;exp\u00e9riences au-del\u00e0 des fronti\u00e8res de ma terre natale.<\/p>\n\n\n<div class=\"wp-block-image\">\n<figure class=\"aligncenter size-large\"><img loading=\"lazy\" decoding=\"async\" width=\"683\" height=\"1024\" src=\"https:\/\/coach-immo.fr\/wp-content\/uploads\/2025\/03\/IMG_0360-1-683x1024.jpg\" alt=\"\" class=\"wp-image-539\" srcset=\"https:\/\/coach-immo.fr\/wp-content\/uploads\/2025\/03\/IMG_0360-1-683x1024.jpg 683w, https:\/\/coach-immo.fr\/wp-content\/uploads\/2025\/03\/IMG_0360-1-200x300.jpg 200w, https:\/\/coach-immo.fr\/wp-content\/uploads\/2025\/03\/IMG_0360-1-768x1152.jpg 768w, https:\/\/coach-immo.fr\/wp-content\/uploads\/2025\/03\/IMG_0360-1-1024x1536.jpg 1024w, https:\/\/coach-immo.fr\/wp-content\/uploads\/2025\/03\/IMG_0360-1-1365x2048.jpg 1365w, https:\/\/coach-immo.fr\/wp-content\/uploads\/2025\/03\/IMG_0360-1-8x12.jpg 8w, https:\/\/coach-immo.fr\/wp-content\/uploads\/2025\/03\/IMG_0360-1.jpg 1440w\" sizes=\"auto, (max-width: 683px) 100vw, 683px\" \/><\/figure>\n<\/div>\n\n\n<p>Le monde, vaste et diversifi\u00e9, est devenu mon terrain de jeu et ma salle de classe. En parcourant les 5 continents pendant 8 ans, j\u2019ai embrass\u00e9 la richesse des cultures, apprenant les subtilit\u00e9s du relationnel, les nuances de la communication, l&rsquo;art de la persuasion et la puissance de la motivation. Ces comp\u00e9tences, je les ai acquises non pas dans l&rsquo;isolement d&rsquo;une salle de classe, mais dans le laboratoire vivant qu&rsquo;est le monde lui-m\u00eame, affirmant ainsi le vieil adage : \u00ab\u00a0Le voyage forme la jeunesse\u00a0\u00bb, des comp\u00e9tences que je consid\u00e8re comme les piliers de toute r\u00e9ussite.<\/p>\n\n\n\n<p>En janvier 1996, j\u2019ai pos\u00e9 mes valises sur l&rsquo;\u00eele enchanteresse de la Martinique, un lieu qui allait devenir le th\u00e9\u00e2tre de ma prochaine grande entreprise. Six ans plus tard, en juin 2002, avec la complicit\u00e9 et le soutien de mon \u00e9pouse et associ\u00e9e Blandine, une compagne tout aussi d\u00e9termin\u00e9e et visionnaire que moi. Nous avions compris l\u2019int\u00e9r\u00eat et la puissance que porterait internet. Ces pourquoi, nous avons fait l\u2019acquisition de gros noms de domaines comme d\u00e9fiscalisation.com, immobilier.net, emprunter.com, gestion-locative.com qui nous ont pouss\u00e9 \u00e0 fond\u00e9 le Groupe AFDI (l\u2019Agence Fran\u00e7aise De l\u2019Immobilier) une soci\u00e9t\u00e9 qui allait refl\u00e9ter son engagement pour l&rsquo;excellence et son amour pour les diff\u00e9rents domaines de l&rsquo;immobilier. Le succ\u00e8s de cette entreprise a \u00e9t\u00e9 tel que nous avons ouvert plusieurs agences en France, sur la Caraibe, en Polyn\u00e9sie et l\u2019oc\u00e9an Indien avec des partenariats en Suisse, en Floride et sur le Canada.<\/p>\n\n\n<div class=\"wp-block-image\">\n<figure class=\"aligncenter size-large\"><img loading=\"lazy\" decoding=\"async\" width=\"683\" height=\"1024\" src=\"https:\/\/coach-immo.fr\/wp-content\/uploads\/2025\/03\/IMG_0311-683x1024.jpg\" alt=\"\" class=\"wp-image-494\" srcset=\"https:\/\/coach-immo.fr\/wp-content\/uploads\/2025\/03\/IMG_0311-683x1024.jpg 683w, https:\/\/coach-immo.fr\/wp-content\/uploads\/2025\/03\/IMG_0311-200x300.jpg 200w, https:\/\/coach-immo.fr\/wp-content\/uploads\/2025\/03\/IMG_0311-768x1152.jpg 768w, https:\/\/coach-immo.fr\/wp-content\/uploads\/2025\/03\/IMG_0311-1024x1536.jpg 1024w, https:\/\/coach-immo.fr\/wp-content\/uploads\/2025\/03\/IMG_0311-1365x2048.jpg 1365w, https:\/\/coach-immo.fr\/wp-content\/uploads\/2025\/03\/IMG_0311-8x12.jpg 8w, https:\/\/coach-immo.fr\/wp-content\/uploads\/2025\/03\/IMG_0311.jpg 1440w\" sizes=\"auto, (max-width: 683px) 100vw, 683px\" \/><\/figure>\n<\/div>\n\n\n<p>Autodidacte, j\u2019ai sculpt\u00e9 mon expertise \u00e0 travers un m\u00e9lange riche d&rsquo;exp\u00e9riences personnelles et professionnelles. J\u2019ai appris \u00e0 naviguer dans les eaux parfois tumultueuses du commerce et a ma\u00eetris\u00e9 l&rsquo;art de l&rsquo;immobilier, un domaine o\u00f9 la perspicacit\u00e9 et la vision sont essentielles.&nbsp; Dans le creuset de ses exp\u00e9riences personnelles et professionnelles, j\u2019ai forg\u00e9 un savoir-faire exceptionnel, d\u00e9veloppant un go\u00fbt prononc\u00e9 pour le commerce et une ma\u00eetrise approfondie du secteur immobilier.<\/p>\n\n\n\n<p>Aujourd&rsquo;hui, apr\u00e8s un quart de si\u00e8cle d&rsquo;immersion dans les m\u00e9andres de l&rsquo;immobilier, nous avons \u00e9tait eu l\u2019occasion de vendre nos agences immobili\u00e8res, ce qui nous a permis de se r\u00e9inventer dans l&rsquo;ar\u00e8ne du coaching. Forts de notre exp\u00e9rience et de notre libert\u00e9 professionnelle nouvellement acquise, nous nous sommes donn\u00e9s pour mission de concentrer nos forces, notre sagesse et notre passion pour offrir une assistance sans pareille \u00e0 ceux qui aspirent \u00e0 r\u00e9aliser leurs projets immobiliers.<\/p>\n\n\n<div class=\"wp-block-image\">\n<figure class=\"aligncenter size-large\"><img loading=\"lazy\" decoding=\"async\" width=\"683\" height=\"1024\" src=\"https:\/\/coach-immo.fr\/wp-content\/uploads\/2025\/03\/IMG_0680-683x1024.jpg\" alt=\"\" class=\"wp-image-522\" srcset=\"https:\/\/coach-immo.fr\/wp-content\/uploads\/2025\/03\/IMG_0680-683x1024.jpg 683w, https:\/\/coach-immo.fr\/wp-content\/uploads\/2025\/03\/IMG_0680-200x300.jpg 200w, https:\/\/coach-immo.fr\/wp-content\/uploads\/2025\/03\/IMG_0680-768x1152.jpg 768w, https:\/\/coach-immo.fr\/wp-content\/uploads\/2025\/03\/IMG_0680-1024x1536.jpg 1024w, https:\/\/coach-immo.fr\/wp-content\/uploads\/2025\/03\/IMG_0680-1365x2048.jpg 1365w, https:\/\/coach-immo.fr\/wp-content\/uploads\/2025\/03\/IMG_0680-8x12.jpg 8w, https:\/\/coach-immo.fr\/wp-content\/uploads\/2025\/03\/IMG_0680.jpg 1440w\" sizes=\"auto, (max-width: 683px) 100vw, 683px\" \/><\/figure>\n<\/div>\n\n\n<p>Notre mission est claire : concentrer nos forces accumul\u00e9es pour fournir le maximum d&rsquo;assistance dans la r\u00e9alisation des projets immobiliers de nos clients, les aidant \u00e0 transformer leurs r\u00eaves en r\u00e9alit\u00e9s tangibles. C&rsquo;est avec cette vision et cette libert\u00e9 professionnelle renouvel\u00e9e que nous avan\u00e7ons dans l&rsquo;avenir, pr\u00eats \u00e0 partager les cl\u00e9s de la r\u00e9ussite avec tous ceux qui aspirent \u00e0 la grandeur dans leurs propres projets immobiliers.<\/p>\n","protected":false},"excerpt":{"rendered":"<p>Je suis un homme dont la vie est un r\u00e9cit d&rsquo;aventure et de pers\u00e9v\u00e9rance, j\u2019ai vu le jour le 16 avril 1970 dans la pittoresque r\u00e9gion des Hauts-de-France. C&rsquo;est l\u00e0, parmi les vall\u00e9es verdoyantes et les villes historiques, que j\u2019ai consacr\u00e9 ma jeunesse \u00e0 l&rsquo;acquisition du savoir et \u00e0 l&rsquo;excellence sportive de haut niveau, se [&hellip;]<\/p>\n","protected":false},"author":1,"featured_media":0,"parent":0,"menu_order":0,"comment_status":"closed","ping_status":"closed","template":"","meta":{"footnotes":""},"class_list":["post-98","page","type-page","status-publish","hentry"],"jetpack_sharing_enabled":true,"_links":{"self":[{"href":"http:\/\/coach-immo.fr\/fr_fr\/wp-json\/wp\/v2\/pages\/98","targetHints":{"allow":["GET"]}}],"collection":[{"href":"http:\/\/coach-immo.fr\/fr_fr\/wp-json\/wp\/v2\/pages"}],"about":[{"href":"http:\/\/coach-immo.fr\/fr_fr\/wp-json\/wp\/v2\/types\/page"}],"author":[{"embeddable":true,"href":"http:\/\/coach-immo.fr\/fr_fr\/wp-json\/wp\/v2\/users\/1"}],"replies":[{"embeddable":true,"href":"http:\/\/coach-immo.fr\/fr_fr\/wp-json\/wp\/v2\/comments?post=98"}],"version-history":[{"count":2,"href":"http:\/\/coach-immo.fr\/fr_fr\/wp-json\/wp\/v2\/pages\/98\/revisions"}],"predecessor-version":[{"id":541,"href":"http:\/\/coach-immo.fr\/fr_fr\/wp-json\/wp\/v2\/pages\/98\/revisions\/541"}],"wp:attachment":[{"href":"http:\/\/coach-immo.fr\/fr_fr\/wp-json\/wp\/v2\/media?parent=98"}],"curies":[{"name":"wp","href":"https:\/\/api.w.org\/{rel}","templated":true}]}}