{"id":96,"date":"2025-01-09T16:27:55","date_gmt":"2025-01-09T16:27:55","guid":{"rendered":"http:\/\/coach-immo.fr\/?page_id=96"},"modified":"2025-03-14T17:14:39","modified_gmt":"2025-03-14T17:14:39","slug":"blandine-vanoverschelde","status":"publish","type":"page","link":"http:\/\/coach-immo.fr\/fr_fr\/blandine-vanoverschelde","title":{"rendered":"Blandine VANOVERSCHELDE"},"content":{"rendered":"\n<p>N\u00e9e sous le doux soleil du sud de la France, un 24 f\u00e9vrier qui marquait le d\u00e9but d&rsquo;une vie hors du commun, je fus d\u00e8s mon plus jeune \u00e2ge une globe-trotteuse dans l&rsquo;\u00e2me. \u00c0 peine avais-je souffl\u00e9 mes deux bougies que d\u00e9j\u00e0, je parcourais avec mes parents, des entrepreneurs visionnaires, les vastes \u00e9tendues de l&rsquo;oc\u00e9an Indien, les terres multicolores d&rsquo;Am\u00e9rique du Sud, les contr\u00e9es vari\u00e9es d&rsquo;Am\u00e9rique du Nord, sans oublier la France et les \u00eeles envo\u00fbtantes des Cara\u00efbes. C&rsquo;est dans ces lieux divers que mes parents ont tiss\u00e9 la toile de leurs entreprises florissantes, m&rsquo;offrant ainsi une enfance berc\u00e9e par l&rsquo;entrepreneuriat et l&rsquo;aventure.<\/p>\n\n\n\n<figure class=\"wp-block-image size-large\"><img loading=\"lazy\" decoding=\"async\" width=\"683\" height=\"1024\" src=\"https:\/\/coach-immo.fr\/wp-content\/uploads\/2025\/03\/IMG_0263-683x1024.jpg\" alt=\"\" class=\"wp-image-536\" srcset=\"https:\/\/coach-immo.fr\/wp-content\/uploads\/2025\/03\/IMG_0263-683x1024.jpg 683w, https:\/\/coach-immo.fr\/wp-content\/uploads\/2025\/03\/IMG_0263-200x300.jpg 200w, https:\/\/coach-immo.fr\/wp-content\/uploads\/2025\/03\/IMG_0263-768x1152.jpg 768w, https:\/\/coach-immo.fr\/wp-content\/uploads\/2025\/03\/IMG_0263-1024x1536.jpg 1024w, https:\/\/coach-immo.fr\/wp-content\/uploads\/2025\/03\/IMG_0263-1365x2048.jpg 1365w, https:\/\/coach-immo.fr\/wp-content\/uploads\/2025\/03\/IMG_0263-8x12.jpg 8w, https:\/\/coach-immo.fr\/wp-content\/uploads\/2025\/03\/IMG_0263.jpg 1440w\" sizes=\"auto, (max-width: 683px) 100vw, 683px\" \/><\/figure>\n\n\n\n<p>Les voyages ont fa\u00e7onn\u00e9 ma vision du monde, \u00e9largissant mes horizons et aiguisant ma curiosit\u00e9 pour les cultures et les affaires internationales. Cette exposition pr\u00e9coce au monde des affaires m&rsquo;a naturellement conduite vers des \u00e9tudes en droit des affaires et en immobilier, o\u00f9 j&rsquo;ai acquis une compr\u00e9hension profonde des m\u00e9canismes juridiques qui r\u00e9gissent le commerce et la propri\u00e9t\u00e9. Parall\u00e8lement \u00e0 mes \u00e9tudes acad\u00e9miques, je me suis passionn\u00e9e pour le sport, et pas n&rsquo;importe lequel : les sports de glisse. La planche \u00e0 voile, le ski nautique, le kite, autant de disciplines qui requi\u00e8rent discipline, audace et une constante recherche d&rsquo;\u00e9quilibre, des qualit\u00e9s qui m&rsquo;ont \u00e9galement \u00e9t\u00e9 b\u00e9n\u00e9fiques dans ma vie professionnelle.<\/p>\n\n\n\n<p>Ma jeunesse a \u00e9t\u00e9 un \u00e9quilibre entre l&rsquo;ardeur des salles de classe et l&rsquo;exaltation des aliz\u00e9es ou des vagues d\u00e9ferlantes. Chaque comp\u00e9tition, chaque vague ma\u00eetris\u00e9e, chaque contrat \u00e9tudi\u00e9, chaque n\u00e9gociation men\u00e9e, tout cela a contribu\u00e9 \u00e0 forger une personnalit\u00e9 r\u00e9siliente, adaptable et pr\u00eate \u00e0 relever les d\u00e9fis. Les le\u00e7ons apprises sur les lagons bleu turquoise et dans les eaux cristallines m&rsquo;ont enseign\u00e9 l&rsquo;importance de la pers\u00e9v\u00e9rance, de la strat\u00e9gie et de l&rsquo;innovation.<\/p>\n\n\n\n<figure class=\"wp-block-image size-large\"><img loading=\"lazy\" decoding=\"async\" width=\"683\" height=\"1024\" src=\"https:\/\/coach-immo.fr\/wp-content\/uploads\/2025\/03\/IMG_0410-683x1024.jpg\" alt=\"\" class=\"wp-image-537\" srcset=\"https:\/\/coach-immo.fr\/wp-content\/uploads\/2025\/03\/IMG_0410-683x1024.jpg 683w, https:\/\/coach-immo.fr\/wp-content\/uploads\/2025\/03\/IMG_0410-200x300.jpg 200w, https:\/\/coach-immo.fr\/wp-content\/uploads\/2025\/03\/IMG_0410-768x1152.jpg 768w, https:\/\/coach-immo.fr\/wp-content\/uploads\/2025\/03\/IMG_0410-1024x1536.jpg 1024w, https:\/\/coach-immo.fr\/wp-content\/uploads\/2025\/03\/IMG_0410-1365x2048.jpg 1365w, https:\/\/coach-immo.fr\/wp-content\/uploads\/2025\/03\/IMG_0410-8x12.jpg 8w, https:\/\/coach-immo.fr\/wp-content\/uploads\/2025\/03\/IMG_0410.jpg 1440w\" sizes=\"auto, (max-width: 683px) 100vw, 683px\" \/><\/figure>\n\n\n\n<p>En janvier 1996, j\u2019ai pos\u00e9 mes valises sur l&rsquo;\u00eele enchanteresse de la Martinique, un lieu qui allait devenir le th\u00e9\u00e2tre de ma prochaine grande entreprise. Six ans plus tard, en juin 2002, avec la complicit\u00e9 et le soutien de mon \u00e9pouse et associ\u00e9e Blandine, une compagne tout aussi d\u00e9termin\u00e9e et visionnaire que moi. Nous avions compris l\u2019int\u00e9r\u00eat et la puissance que porterait internet. Ces pourquoi, nous avons fait l\u2019acquisition de gros noms de domaines comme d\u00e9fiscalisation.com, immobilier.net, emprunter.com, gestion-locative.com qui nous ont pouss\u00e9 \u00e0 fond\u00e9 le Groupe AFDI (l\u2019Agence Fran\u00e7aise De l\u2019Immobilier) une soci\u00e9t\u00e9 qui allait refl\u00e9ter son engagement pour l&rsquo;excellence et son amour pour les diff\u00e9rents domaines de l&rsquo;immobilier. Le succ\u00e8s de cette entreprise a \u00e9t\u00e9 tel que nous avons ouvert plusieurs agences en France, sur la Caraibe, en Polyn\u00e9sie et l\u2019oc\u00e9an Indien avec des partenariats en Suisse, en Floride et sur le Canada.<\/p>\n\n\n\n<p>Aujourd&rsquo;hui, je puise dans ce riche h\u00e9ritage d&rsquo;exp\u00e9riences pour naviguer dans le monde complexe de l&rsquo;immobilier et des affaires. Mon parcours atypique est un t\u00e9moignage de la mani\u00e8re dont les exp\u00e9riences de la petite enfance peuvent fa\u00e7onner et d\u00e9finir notre avenir. Je suis la preuve vivante que les fronti\u00e8res ne sont l\u00e0 que pour \u00eatre franchies et que, peu importe o\u00f9 la vie nous m\u00e8ne, les le\u00e7ons apprises en chemin sont notre boussole pour l&rsquo;avenir.<\/p>\n","protected":false},"excerpt":{"rendered":"<p>N\u00e9e sous le doux soleil du sud de la France, un 24 f\u00e9vrier qui marquait le d\u00e9but d&rsquo;une vie hors du commun, je fus d\u00e8s mon plus jeune \u00e2ge une globe-trotteuse dans l&rsquo;\u00e2me. \u00c0 peine avais-je souffl\u00e9 mes deux bougies que d\u00e9j\u00e0, je parcourais avec mes parents, des entrepreneurs visionnaires, les vastes \u00e9tendues de l&rsquo;oc\u00e9an [&hellip;]<\/p>\n","protected":false},"author":1,"featured_media":0,"parent":0,"menu_order":0,"comment_status":"closed","ping_status":"closed","template":"","meta":{"footnotes":""},"class_list":["post-96","page","type-page","status-publish","hentry"],"jetpack_sharing_enabled":true,"_links":{"self":[{"href":"http:\/\/coach-immo.fr\/fr_fr\/wp-json\/wp\/v2\/pages\/96","targetHints":{"allow":["GET"]}}],"collection":[{"href":"http:\/\/coach-immo.fr\/fr_fr\/wp-json\/wp\/v2\/pages"}],"about":[{"href":"http:\/\/coach-immo.fr\/fr_fr\/wp-json\/wp\/v2\/types\/page"}],"author":[{"embeddable":true,"href":"http:\/\/coach-immo.fr\/fr_fr\/wp-json\/wp\/v2\/users\/1"}],"replies":[{"embeddable":true,"href":"http:\/\/coach-immo.fr\/fr_fr\/wp-json\/wp\/v2\/comments?post=96"}],"version-history":[{"count":4,"href":"http:\/\/coach-immo.fr\/fr_fr\/wp-json\/wp\/v2\/pages\/96\/revisions"}],"predecessor-version":[{"id":538,"href":"http:\/\/coach-immo.fr\/fr_fr\/wp-json\/wp\/v2\/pages\/96\/revisions\/538"}],"wp:attachment":[{"href":"http:\/\/coach-immo.fr\/fr_fr\/wp-json\/wp\/v2\/media?parent=96"}],"curies":[{"name":"wp","href":"https:\/\/api.w.org\/{rel}","templated":true}]}}