{"id":172,"date":"2025-01-09T17:14:35","date_gmt":"2025-01-09T17:14:35","guid":{"rendered":"http:\/\/coach-immo.fr\/?page_id=172"},"modified":"2025-01-10T15:00:37","modified_gmt":"2025-01-10T15:00:37","slug":"contactez-nous","status":"publish","type":"page","link":"http:\/\/coach-immo.fr\/fr_fr\/contactez-nous","title":{"rendered":"Contactez-nous"},"content":{"rendered":"\n<p>Vous avez une question, un projet immobilier ou besoin d\u2019un accompagnement personnalis\u00e9 ? Remplissez le formulaire ci-dessous, et notre \u00e9quipe vous r\u00e9pondra dans les plus brefs d\u00e9lais.<\/p>\n\n\n\n<p>Nous sommes \u00e0 votre disposition pour :<\/p>\n\n\n\n<ul class=\"wp-block-list\">\n<li>Vous accompagner dans vos transactions immobili\u00e8res.<\/li>\n\n\n\n<li>R\u00e9pondre \u00e0 vos besoins sp\u00e9cifiques en coaching ou en conseil.<\/li>\n\n\n\n<li>Trouver des solutions adapt\u00e9es \u00e0 vos projets.<\/li>\n<\/ul>\n\n\n\n<p><strong>Merci de pr\u00e9ciser vos attentes dans le champ \u00ab\u00a0Message\u00a0\u00bb.<\/strong><br>Votre satisfaction est notre priorit\u00e9 !<\/p>\n\n\n<div class=\"wp-block-jetpack-contact-form\"><a href=\"http:\/\/coach-immo.fr\/fr_fr\/contactez-nous\" target=\"_blank\" rel=\"noopener noreferrer\">Soumettre un formulaire.<\/a><\/div>","protected":false},"excerpt":{"rendered":"<p>Vous avez une question, un projet immobilier ou besoin d\u2019un accompagnement personnalis\u00e9 ? Remplissez le formulaire ci-dessous, et notre \u00e9quipe vous r\u00e9pondra dans les plus brefs d\u00e9lais. Nous sommes \u00e0 votre disposition pour : Merci de pr\u00e9ciser vos attentes dans le champ \u00ab\u00a0Message\u00a0\u00bb.Votre satisfaction est notre priorit\u00e9 !<\/p>\n","protected":false},"author":1,"featured_media":0,"parent":0,"menu_order":0,"comment_status":"closed","ping_status":"closed","template":"","meta":{"footnotes":""},"class_list":["post-172","page","type-page","status-publish","hentry"],"jetpack_sharing_enabled":true,"_links":{"self":[{"href":"http:\/\/coach-immo.fr\/fr_fr\/wp-json\/wp\/v2\/pages\/172","targetHints":{"allow":["GET"]}}],"collection":[{"href":"http:\/\/coach-immo.fr\/fr_fr\/wp-json\/wp\/v2\/pages"}],"about":[{"href":"http:\/\/coach-immo.fr\/fr_fr\/wp-json\/wp\/v2\/types\/page"}],"author":[{"embeddable":true,"href":"http:\/\/coach-immo.fr\/fr_fr\/wp-json\/wp\/v2\/users\/1"}],"replies":[{"embeddable":true,"href":"http:\/\/coach-immo.fr\/fr_fr\/wp-json\/wp\/v2\/comments?post=172"}],"version-history":[{"count":4,"href":"http:\/\/coach-immo.fr\/fr_fr\/wp-json\/wp\/v2\/pages\/172\/revisions"}],"predecessor-version":[{"id":190,"href":"http:\/\/coach-immo.fr\/fr_fr\/wp-json\/wp\/v2\/pages\/172\/revisions\/190"}],"wp:attachment":[{"href":"http:\/\/coach-immo.fr\/fr_fr\/wp-json\/wp\/v2\/media?parent=172"}],"curies":[{"name":"wp","href":"https:\/\/api.w.org\/{rel}","templated":true}]}}