{"id":168,"date":"2025-01-09T17:12:03","date_gmt":"2025-01-09T17:12:03","guid":{"rendered":"http:\/\/coach-immo.fr\/?page_id=168"},"modified":"2025-01-09T17:12:03","modified_gmt":"2025-01-09T17:12:03","slug":"coaching-pour-professionnels","status":"publish","type":"page","link":"http:\/\/coach-immo.fr\/fr_fr\/coaching-pour-professionnels","title":{"rendered":"Coaching pour professionnels"},"content":{"rendered":"\n<p>Vous \u00eates un chef d\u2019entreprise, un cadre, un ind\u00e9pendant\u2026 est vous avez besoin d\u2019\u00eatre soutenu pour d\u00e9velopper, redresser ou tout simplement motiver vous et vos \u00e9quipes, alors nos 25 ans d\u2019exp\u00e9rience dans le coaching nous permettrons de vous aider \u00e0 obtenir vos objectifs<\/p>\n\n\n\n<ul class=\"wp-block-list\">\n<li>Redressement<\/li>\n\n\n\n<li>D\u00e9veloppement\u00a0<\/li>\n\n\n\n<li>Coaching mental\u00a0<\/li>\n\n\n\n<li>Burn out<\/li>\n<\/ul>\n\n\n\n<h2 class=\"wp-block-heading\">\u00a0Pour les promoteurs immobiliers<\/h2>\n\n\n\n<p>Le coaching des promoteurs immobiliers consiste \u00e0 vous accompagner pour des conseils administratifs, juridiques et commercial afin d\u2019assurer le bon d\u00e9roulement de vos op\u00e9rations, tout en externalisant les t\u00e2ches administratives et juridiques li\u00e9es \u00e0 leurs transactions immobili\u00e8res afin de se concentrer sur leurs projets principaux &#8230;<\/p>\n\n\n\n<ul class=\"wp-block-list\">\n<li>Analyse d\u2019un projet immobilier dans le neuf<\/li>\n<\/ul>\n","protected":false},"excerpt":{"rendered":"<p>Vous \u00eates un chef d\u2019entreprise, un cadre, un ind\u00e9pendant\u2026 est vous avez besoin d\u2019\u00eatre soutenu pour d\u00e9velopper, redresser ou tout simplement motiver vous et vos \u00e9quipes, alors nos 25 ans d\u2019exp\u00e9rience dans le coaching nous permettrons de vous aider \u00e0 obtenir vos objectifs \u00a0Pour les promoteurs immobiliers Le coaching des promoteurs immobiliers consiste \u00e0 vous [&hellip;]<\/p>\n","protected":false},"author":1,"featured_media":0,"parent":0,"menu_order":0,"comment_status":"closed","ping_status":"closed","template":"","meta":{"footnotes":""},"class_list":["post-168","page","type-page","status-publish","hentry"],"jetpack_sharing_enabled":true,"_links":{"self":[{"href":"http:\/\/coach-immo.fr\/fr_fr\/wp-json\/wp\/v2\/pages\/168","targetHints":{"allow":["GET"]}}],"collection":[{"href":"http:\/\/coach-immo.fr\/fr_fr\/wp-json\/wp\/v2\/pages"}],"about":[{"href":"http:\/\/coach-immo.fr\/fr_fr\/wp-json\/wp\/v2\/types\/page"}],"author":[{"embeddable":true,"href":"http:\/\/coach-immo.fr\/fr_fr\/wp-json\/wp\/v2\/users\/1"}],"replies":[{"embeddable":true,"href":"http:\/\/coach-immo.fr\/fr_fr\/wp-json\/wp\/v2\/comments?post=168"}],"version-history":[{"count":1,"href":"http:\/\/coach-immo.fr\/fr_fr\/wp-json\/wp\/v2\/pages\/168\/revisions"}],"predecessor-version":[{"id":169,"href":"http:\/\/coach-immo.fr\/fr_fr\/wp-json\/wp\/v2\/pages\/168\/revisions\/169"}],"wp:attachment":[{"href":"http:\/\/coach-immo.fr\/fr_fr\/wp-json\/wp\/v2\/media?parent=168"}],"curies":[{"name":"wp","href":"https:\/\/api.w.org\/{rel}","templated":true}]}}