{"id":166,"date":"2025-01-09T17:10:42","date_gmt":"2025-01-09T17:10:42","guid":{"rendered":"http:\/\/coach-immo.fr\/?page_id=166"},"modified":"2025-01-09T17:26:05","modified_gmt":"2025-01-09T17:26:05","slug":"coaching-pour-particuliers","status":"publish","type":"page","link":"http:\/\/coach-immo.fr\/fr_fr\/coaching-pour-particuliers","title":{"rendered":"Coaching pour particuliers"},"content":{"rendered":"\n<figure class=\"wp-block-image size-full\"><img loading=\"lazy\" decoding=\"async\" width=\"1024\" height=\"768\" src=\"http:\/\/coach-immo.fr\/wp-content\/uploads\/2025\/01\/image.jpg\" alt=\"\" class=\"wp-image-178\" srcset=\"https:\/\/coach-immo.fr\/wp-content\/uploads\/2025\/01\/image.jpg 1024w, https:\/\/coach-immo.fr\/wp-content\/uploads\/2025\/01\/image-300x225.jpg 300w, https:\/\/coach-immo.fr\/wp-content\/uploads\/2025\/01\/image-768x576.jpg 768w\" sizes=\"auto, (max-width: 1024px) 100vw, 1024px\" \/><\/figure>\n\n\n\n<p>Le principe est de vous assister sur vos projets immobiliers afin d\u2019assurer votre acquisition au juste prix. Nous sommes en mesure de nous d\u00e9placer partout dans le monde afin d\u2019analyser le march\u00e9, les conditions et obligations immobili\u00e8res&nbsp;<\/p>\n\n\n\n<h2 class=\"wp-block-heading\">Chasseur de bien immobilier&nbsp;:<\/h2>\n\n\n\n<figure class=\"wp-block-image size-full\"><img loading=\"lazy\" decoding=\"async\" width=\"1024\" height=\"768\" src=\"http:\/\/coach-immo.fr\/wp-content\/uploads\/2025\/01\/image2.jpg\" alt=\"\" class=\"wp-image-180\" srcset=\"https:\/\/coach-immo.fr\/wp-content\/uploads\/2025\/01\/image2.jpg 1024w, https:\/\/coach-immo.fr\/wp-content\/uploads\/2025\/01\/image2-300x225.jpg 300w, https:\/\/coach-immo.fr\/wp-content\/uploads\/2025\/01\/image2-768x576.jpg 768w\" sizes=\"auto, (max-width: 1024px) 100vw, 1024px\" \/><\/figure>\n\n\n\n<p>Recherche de biens immobiliers selon vos crit\u00e8res dans le monde entier avec une analyse de la fiscalit\u00e9, de la r\u00e9glementation immobili\u00e8re, des conditions g\u00e9n\u00e9rales du pays en question.<br>Assistance vente aux ench\u00e8res<\/p>\n\n\n\n<h2 class=\"wp-block-heading\">Vente de bien immobilier en \u00ab&nbsp;off-market&nbsp;\u00bb<\/h2>\n\n\n\n<figure class=\"wp-block-image size-full\"><img loading=\"lazy\" decoding=\"async\" width=\"1024\" height=\"768\" src=\"http:\/\/coach-immo.fr\/wp-content\/uploads\/2025\/01\/image3.jpg\" alt=\"\" class=\"wp-image-183\" srcset=\"https:\/\/coach-immo.fr\/wp-content\/uploads\/2025\/01\/image3.jpg 1024w, https:\/\/coach-immo.fr\/wp-content\/uploads\/2025\/01\/image3-300x225.jpg 300w, https:\/\/coach-immo.fr\/wp-content\/uploads\/2025\/01\/image3-768x576.jpg 768w\" sizes=\"auto, (max-width: 1024px) 100vw, 1024px\" \/><\/figure>\n\n\n\n<p>Grace \u00e0 nos r\u00e9seaux de commercialisateur priv\u00e9, nous vous sommes en mesure de proposer votre bien \u00e0 la vente en Off Market. Cela permet essentiellement de vendre votre bien en toute discr\u00e9tion.<\/p>\n\n\n\n<h2 class=\"wp-block-heading\">Analyse de votre permis de construire&nbsp;:<\/h2>\n\n\n\n<figure class=\"wp-block-image size-full\"><img loading=\"lazy\" decoding=\"async\" width=\"1024\" height=\"768\" src=\"http:\/\/coach-immo.fr\/wp-content\/uploads\/2025\/01\/image4.jpg\" alt=\"\" class=\"wp-image-185\" srcset=\"https:\/\/coach-immo.fr\/wp-content\/uploads\/2025\/01\/image4.jpg 1024w, https:\/\/coach-immo.fr\/wp-content\/uploads\/2025\/01\/image4-300x225.jpg 300w, https:\/\/coach-immo.fr\/wp-content\/uploads\/2025\/01\/image4-768x576.jpg 768w\" sizes=\"auto, (max-width: 1024px) 100vw, 1024px\" \/><\/figure>\n\n\n\n<p>Analyse et optimisation de votre permis de construire pour le rendre plus attractif et de supprimer les objections dans la conception avant le d\u00e9p\u00f4t en mairie.<\/p>\n","protected":false},"excerpt":{"rendered":"<p>Le principe est de vous assister sur vos projets immobiliers afin d\u2019assurer votre acquisition au juste prix. Nous sommes en mesure de nous d\u00e9placer partout dans le monde afin d\u2019analyser le march\u00e9, les conditions et obligations immobili\u00e8res&nbsp; Chasseur de bien immobilier&nbsp;: Recherche de biens immobiliers selon vos crit\u00e8res dans le monde entier avec une analyse [&hellip;]<\/p>\n","protected":false},"author":1,"featured_media":0,"parent":0,"menu_order":0,"comment_status":"closed","ping_status":"closed","template":"","meta":{"footnotes":""},"class_list":["post-166","page","type-page","status-publish","hentry"],"jetpack_sharing_enabled":true,"_links":{"self":[{"href":"http:\/\/coach-immo.fr\/fr_fr\/wp-json\/wp\/v2\/pages\/166","targetHints":{"allow":["GET"]}}],"collection":[{"href":"http:\/\/coach-immo.fr\/fr_fr\/wp-json\/wp\/v2\/pages"}],"about":[{"href":"http:\/\/coach-immo.fr\/fr_fr\/wp-json\/wp\/v2\/types\/page"}],"author":[{"embeddable":true,"href":"http:\/\/coach-immo.fr\/fr_fr\/wp-json\/wp\/v2\/users\/1"}],"replies":[{"embeddable":true,"href":"http:\/\/coach-immo.fr\/fr_fr\/wp-json\/wp\/v2\/comments?post=166"}],"version-history":[{"count":5,"href":"http:\/\/coach-immo.fr\/fr_fr\/wp-json\/wp\/v2\/pages\/166\/revisions"}],"predecessor-version":[{"id":186,"href":"http:\/\/coach-immo.fr\/fr_fr\/wp-json\/wp\/v2\/pages\/166\/revisions\/186"}],"wp:attachment":[{"href":"http:\/\/coach-immo.fr\/fr_fr\/wp-json\/wp\/v2\/media?parent=166"}],"curies":[{"name":"wp","href":"https:\/\/api.w.org\/{rel}","templated":true}]}}