{"id":146,"date":"2025-01-09T16:50:24","date_gmt":"2025-01-09T16:50:24","guid":{"rendered":"http:\/\/coach-immo.fr\/?page_id=146"},"modified":"2025-01-09T16:50:24","modified_gmt":"2025-01-09T16:50:24","slug":"chasseur-de-bien","status":"publish","type":"page","link":"http:\/\/coach-immo.fr\/fr_fr\/chasseur-de-bien","title":{"rendered":"Chasseur de bien"},"content":{"rendered":"\n<p>D\u00e9finition et r\u00f4le&nbsp;:<\/p>\n\n\n\n<p>\u00c9plucher les annonces, organiser des visites, relancer les vendeurs et les agents immobiliers\u2026 Pour un acqu\u00e9reur, une recherche immobili\u00e8re peut se r\u00e9v\u00e9ler tr\u00e8s chronophage et souvent difficilement compatible avec une activit\u00e9 professionnelle.&nbsp;<\/p>\n\n\n\n<p>Sur certains march\u00e9s tendus comme le Grand Paris ou les principales agglom\u00e9rations fran\u00e7aises, trouver un appartement ou une maison s\u2019apparente m\u00eame souvent \u00e0 un vrai parcours du combattant, tant la concurrence entre acheteurs est f\u00e9roce et le nombre de biens mis en vente insuffisant.&nbsp;<\/p>\n\n\n\n<p>C\u2019est pour aider et accompagner les acqu\u00e9reurs dans leur projet d\u2019achat que la figure des chasseurs immobiliers appara\u00eet. G\u00e9n\u00e9ralement regroup\u00e9s au sein de petites structures expertes d\u2019une ville ou d\u2019un march\u00e9 local, ces professionnels sont \u00e0 l\u2019acheteur ce que l\u2019agent immobilier est au vendeur, comme le r\u00e9sume St\u00e9phane Buthaud, co-fondateur de Je R\u00eave d\u2019une Maison : \u201csi l\u2019agent immobilier offre ses services aux vendeurs de biens, le chasseur immobilier mobilise l\u2019int\u00e9gralit\u00e9 de son r\u00e9seau et de son temps afin d\u2019aider l\u2019acheteur \u00e0 trouver l\u2019appartement ou la maison de ses r\u00eaves\u201d.<\/p>\n\n\n\n<p>Faire appel \u00e0 des chasseurs immobiliers pr\u00e9sente une s\u00e9rie d\u2019avantages pour les acqu\u00e9reurs en leur permettant :<\/p>\n\n\n\n<p>de trouver un appartement ou une maison en seulement quelques semaines contre plusieurs mois s\u2019ils ne sont pas accompagn\u00e9s ;<\/p>\n\n\n\n<p>d\u2019acc\u00e9der \u00e0 des biens \u201coff market\u201d dont les offres n\u2019ont pas encore \u00e9t\u00e9 publi\u00e9es sur des plateformes de vente immobili\u00e8re ;&nbsp;<\/p>\n\n\n\n<p>d\u2019obtenir une aide pour la n\u00e9gociation du prix d\u2019achat ;&nbsp;<\/p>\n\n\n\n<p>de profiter de conseils d\u2019experts pendant toute la dur\u00e9e de la recherche ;<\/p>\n\n\n\n<p>de b\u00e9n\u00e9ficier de tarifs relativement mod\u00e9r\u00e9s et uniquement payables si un achat est conclu avant le terme du mandat.<\/p>\n\n\n\n<h2 class=\"wp-block-heading\">Vous assister&nbsp;<\/h2>\n\n\n\n<p>Nous sommes un couple \u00e9tant dans l\u2019immobilier depuis plus de 25 ans, nous avons cr\u00e9er de nombreuse agence immobili\u00e8re que nous avons revendu maintenant.<\/p>\n\n\n\n<p>Nous sommes dipl\u00f4m\u00e9s dans le droit immobilier et dans le commercial.&nbsp;<\/p>\n\n\n\n<p>Nous assistons notre client\u00e8le pour faire l\u2019acquisition de leur bien immobilier<\/p>\n","protected":false},"excerpt":{"rendered":"<p>D\u00e9finition et r\u00f4le&nbsp;: \u00c9plucher les annonces, organiser des visites, relancer les vendeurs et les agents immobiliers\u2026 Pour un acqu\u00e9reur, une recherche immobili\u00e8re peut se r\u00e9v\u00e9ler tr\u00e8s chronophage et souvent difficilement compatible avec une activit\u00e9 professionnelle.&nbsp; Sur certains march\u00e9s tendus comme le Grand Paris ou les principales agglom\u00e9rations fran\u00e7aises, trouver un appartement ou une maison s\u2019apparente [&hellip;]<\/p>\n","protected":false},"author":1,"featured_media":0,"parent":0,"menu_order":0,"comment_status":"closed","ping_status":"closed","template":"","meta":{"footnotes":""},"class_list":["post-146","page","type-page","status-publish","hentry"],"jetpack_sharing_enabled":true,"_links":{"self":[{"href":"http:\/\/coach-immo.fr\/fr_fr\/wp-json\/wp\/v2\/pages\/146","targetHints":{"allow":["GET"]}}],"collection":[{"href":"http:\/\/coach-immo.fr\/fr_fr\/wp-json\/wp\/v2\/pages"}],"about":[{"href":"http:\/\/coach-immo.fr\/fr_fr\/wp-json\/wp\/v2\/types\/page"}],"author":[{"embeddable":true,"href":"http:\/\/coach-immo.fr\/fr_fr\/wp-json\/wp\/v2\/users\/1"}],"replies":[{"embeddable":true,"href":"http:\/\/coach-immo.fr\/fr_fr\/wp-json\/wp\/v2\/comments?post=146"}],"version-history":[{"count":1,"href":"http:\/\/coach-immo.fr\/fr_fr\/wp-json\/wp\/v2\/pages\/146\/revisions"}],"predecessor-version":[{"id":147,"href":"http:\/\/coach-immo.fr\/fr_fr\/wp-json\/wp\/v2\/pages\/146\/revisions\/147"}],"wp:attachment":[{"href":"http:\/\/coach-immo.fr\/fr_fr\/wp-json\/wp\/v2\/media?parent=146"}],"curies":[{"name":"wp","href":"https:\/\/api.w.org\/{rel}","templated":true}]}}