{"id":144,"date":"2025-01-09T16:49:36","date_gmt":"2025-01-09T16:49:36","guid":{"rendered":"http:\/\/coach-immo.fr\/?page_id=144"},"modified":"2025-01-09T16:49:36","modified_gmt":"2025-01-09T16:49:36","slug":"notre-mission","status":"publish","type":"page","link":"http:\/\/coach-immo.fr\/fr_fr\/notre-mission","title":{"rendered":"Notre mission"},"content":{"rendered":"\n<p>Gr\u00e2ce \u00e0 nos 25 ans d\u2019exp\u00e9rience en tant que chef d\u2019entreprise dans les diff\u00e9rents domaines de l\u2019immobilier aux 4 coins du monde, est de vous apporter un accompagnement sur mesure afin d\u2019assurer vos diff\u00e9rents projets immobiliers.&nbsp;<\/p>\n\n\n\n<p>On pourrait donner comme synonyme \u00e0 coach immobilier consultant priv\u00e9, votre bras droit, expert &nbsp;!<\/p>\n\n\n\n<p>Dot\u00e9 d&rsquo;une expertise approfondie du march\u00e9, nous soutenons nos clients \u00e0 naviguer dans le complexe univers des transactions immobili\u00e8res. Que ce soit pour d\u00e9nicher la perle rare ou pour optimiser la vente d&rsquo;un bien, nous serons \u00eatre le partenaire id\u00e9al pour une exp\u00e9rience personnalis\u00e9e.&nbsp;<\/p>\n\n\n\n<p>On se distingue par notre capacit\u00e9 \u00e0 \u00e9tablir une relation de confiance permettant de vous guider \u00e0 chaque \u00e9tape avec une \u00e9coute attentive et des conseils avis\u00e9s. En tant que n\u00e9gociateur chevronn\u00e9, nous serons d\u00e9termin\u00e9s le juste prix d&rsquo;un bien, assurant ainsi la satisfaction de toutes les parties impliqu\u00e9es.&nbsp;<\/p>\n\n\n\n<p>Le coach immobilier peut \u00e9galement intervenir dans la gestion des d\u00e9marches administratives, offrant un service complet qui va au-del\u00e0 de la simple transaction. Avec une formation sp\u00e9cialis\u00e9e dans le domaine de l&rsquo;immobilier et du commerce, ce professionnel est \u00e9quip\u00e9 pour r\u00e9pondre aux besoins sp\u00e9cifiques de chaque client, qu&rsquo;il s&rsquo;agisse d&rsquo;un achat, d&rsquo;une vente ou m\u00eame d&rsquo;un d\u00e9m\u00e9nagement.&nbsp;<\/p>\n\n\n\n<p>Chaque pays, chaque r\u00e9gions, pr\u00e9sente ses propres particularit\u00e9s juridique, administratif et commerciales dans le march\u00e9 immobilier. Notre r\u00f4le est d&rsquo;autant plus crucial pour conseiller efficacement nos clients locaux ou internationaux.&nbsp;<\/p>\n\n\n\n<p>Les services d&rsquo;un coach en immobilier peuvent inclure l&rsquo;\u00e9valuation de biens, la mise en place de strat\u00e9gies de marketing immobilier, la pr\u00e9paration des biens pour les visites, et m\u00eame l&rsquo;assistance dans la recherche d&rsquo;\u00e9coles ou de services de d\u00e9m\u00e9nagement. Cette profession, bien que relativement nouvelle, s&rsquo;est rapidement impos\u00e9e comme un maillon essentiel dans le secteur immobilier, offrant une alternative personnalis\u00e9e aux services traditionnels des agents immobiliers. En somme, le coach en immobilier est un guide fiable, un conseiller expert et un soutien inestimable pour quiconque se lance dans l&rsquo;aventure de l&rsquo;immobilier.<\/p>\n\n\n\n<p>Les consultants en immobilier exp\u00e9riment\u00e9s et priv\u00e9s peuvent \u00e9galement \u00eatre d\u00e9sign\u00e9s par divers termes tels que conseillers immobiliers chevronn\u00e9s, experts en propri\u00e9t\u00e9 ind\u00e9pendants, sp\u00e9cialistes en immobilier de confiance, ou encore professionnels aguerris en gestion de patrimoine immobilier. Ces experts offrent des services personnalis\u00e9s et approfondis, s&rsquo;appuyant sur leur vaste exp\u00e9rience et leur connaissance intime du march\u00e9 pour guider leurs clients \u00e0 travers les complexit\u00e9s de l&rsquo;achat, de la vente, de la location ou de l&rsquo;investissement dans l&rsquo;immobilier. Leur r\u00f4le est crucial pour ceux qui cherchent \u00e0 naviguer dans le secteur immobilier avec une aide discr\u00e8te et hautement qualifi\u00e9e.<\/p>\n","protected":false},"excerpt":{"rendered":"<p>Gr\u00e2ce \u00e0 nos 25 ans d\u2019exp\u00e9rience en tant que chef d\u2019entreprise dans les diff\u00e9rents domaines de l\u2019immobilier aux 4 coins du monde, est de vous apporter un accompagnement sur mesure afin d\u2019assurer vos diff\u00e9rents projets immobiliers.&nbsp; On pourrait donner comme synonyme \u00e0 coach immobilier consultant priv\u00e9, votre bras droit, expert &nbsp;! Dot\u00e9 d&rsquo;une expertise approfondie [&hellip;]<\/p>\n","protected":false},"author":1,"featured_media":0,"parent":0,"menu_order":0,"comment_status":"closed","ping_status":"closed","template":"","meta":{"footnotes":""},"class_list":["post-144","page","type-page","status-publish","hentry"],"jetpack_sharing_enabled":true,"_links":{"self":[{"href":"http:\/\/coach-immo.fr\/fr_fr\/wp-json\/wp\/v2\/pages\/144","targetHints":{"allow":["GET"]}}],"collection":[{"href":"http:\/\/coach-immo.fr\/fr_fr\/wp-json\/wp\/v2\/pages"}],"about":[{"href":"http:\/\/coach-immo.fr\/fr_fr\/wp-json\/wp\/v2\/types\/page"}],"author":[{"embeddable":true,"href":"http:\/\/coach-immo.fr\/fr_fr\/wp-json\/wp\/v2\/users\/1"}],"replies":[{"embeddable":true,"href":"http:\/\/coach-immo.fr\/fr_fr\/wp-json\/wp\/v2\/comments?post=144"}],"version-history":[{"count":1,"href":"http:\/\/coach-immo.fr\/fr_fr\/wp-json\/wp\/v2\/pages\/144\/revisions"}],"predecessor-version":[{"id":145,"href":"http:\/\/coach-immo.fr\/fr_fr\/wp-json\/wp\/v2\/pages\/144\/revisions\/145"}],"wp:attachment":[{"href":"http:\/\/coach-immo.fr\/fr_fr\/wp-json\/wp\/v2\/media?parent=144"}],"curies":[{"name":"wp","href":"https:\/\/api.w.org\/{rel}","templated":true}]}}