{"id":142,"date":"2025-01-09T16:49:11","date_gmt":"2025-01-09T16:49:11","guid":{"rendered":"http:\/\/coach-immo.fr\/?page_id=142"},"modified":"2025-03-14T17:19:04","modified_gmt":"2025-03-14T17:19:04","slug":"qui-sommes-nous","status":"publish","type":"page","link":"http:\/\/coach-immo.fr\/fr_fr\/qui-sommes-nous","title":{"rendered":"Qui sommes-nous ?"},"content":{"rendered":"\n<p>Avec plus de 25 ans d\u2019exp\u00e9rience dans les diff\u00e9rents m\u00e9tiers de l\u2019immobilier comme la transaction, la d\u00e9fiscalisation, la vente du neuf, courtier en financement, la gestion locative et l\u2019expertise immobili\u00e8re, Blandine et Laurent VANOVERSCHELDE seront vous assister dans vos projets immobiliers.<\/p>\n\n\n<div class=\"wp-block-image\">\n<figure class=\"aligncenter size-large\"><img loading=\"lazy\" decoding=\"async\" width=\"683\" height=\"1024\" src=\"https:\/\/coach-immo.fr\/wp-content\/uploads\/2025\/03\/IMG_0755-683x1024.jpg\" alt=\"\" class=\"wp-image-526\" srcset=\"https:\/\/coach-immo.fr\/wp-content\/uploads\/2025\/03\/IMG_0755-683x1024.jpg 683w, https:\/\/coach-immo.fr\/wp-content\/uploads\/2025\/03\/IMG_0755-200x300.jpg 200w, https:\/\/coach-immo.fr\/wp-content\/uploads\/2025\/03\/IMG_0755-768x1152.jpg 768w, https:\/\/coach-immo.fr\/wp-content\/uploads\/2025\/03\/IMG_0755-1024x1536.jpg 1024w, https:\/\/coach-immo.fr\/wp-content\/uploads\/2025\/03\/IMG_0755-1365x2048.jpg 1365w, https:\/\/coach-immo.fr\/wp-content\/uploads\/2025\/03\/IMG_0755-8x12.jpg 8w, https:\/\/coach-immo.fr\/wp-content\/uploads\/2025\/03\/IMG_0755.jpg 1440w\" sizes=\"auto, (max-width: 683px) 100vw, 683px\" \/><\/figure>\n<\/div>\n\n\n<p>Blandine et Laurent se sont mari\u00e9s en aout 1998, date \u00e0 laquelle ils se sont associ\u00e9s \u00e0 50\/50 pour cr\u00e9er et d\u00e9velopper plusieurs soci\u00e9t\u00e9s directement li\u00e9es au m\u00e9tier de l\u2019immobilier.&nbsp;<\/p>\n\n\n\n<p>&nbsp;Blandine est dipl\u00f4m\u00e9e d\u2019une maitrise en droit immobilier, d\u2019un DEUG en droit des affaires&nbsp;\u2026 ce qui lui permets d\u2019assurer la partie juridique, expertise et administrative de coach-immo.fr<\/p>\n\n\n\n<p>Laurent \u00e0 une formation dans le commerce et pratique le commercial depuis plus de 30 ans dans&nbsp;<\/p>\n\n\n<div class=\"wp-block-image\">\n<figure class=\"aligncenter size-large\"><img loading=\"lazy\" decoding=\"async\" width=\"683\" height=\"1024\" src=\"https:\/\/coach-immo.fr\/wp-content\/uploads\/2025\/03\/IMG_0453-683x1024.jpg\" alt=\"\" class=\"wp-image-507\" srcset=\"https:\/\/coach-immo.fr\/wp-content\/uploads\/2025\/03\/IMG_0453-683x1024.jpg 683w, https:\/\/coach-immo.fr\/wp-content\/uploads\/2025\/03\/IMG_0453-200x300.jpg 200w, https:\/\/coach-immo.fr\/wp-content\/uploads\/2025\/03\/IMG_0453-768x1152.jpg 768w, https:\/\/coach-immo.fr\/wp-content\/uploads\/2025\/03\/IMG_0453-1024x1536.jpg 1024w, https:\/\/coach-immo.fr\/wp-content\/uploads\/2025\/03\/IMG_0453-1365x2048.jpg 1365w, https:\/\/coach-immo.fr\/wp-content\/uploads\/2025\/03\/IMG_0453-8x12.jpg 8w, https:\/\/coach-immo.fr\/wp-content\/uploads\/2025\/03\/IMG_0453.jpg 1440w\" sizes=\"auto, (max-width: 683px) 100vw, 683px\" \/><\/figure>\n<\/div>\n\n\n<p>Nous sommes un couple mari\u00e9 depuis 1998 avec 2 enfants n\u00e9e en 1999 pour Ma\u00e9va et 2001 pour Henri. Notre compl\u00e9mentarit\u00e9 et force moral, nous ont permis de s\u2019associ\u00e9 \u00e0 50\/50 pour cr\u00e9er plusieurs soci\u00e9t\u00e9s immobili\u00e8res sur la France, les Caraibes et la Floride.<\/p>\n\n\n\n<p>Nous avons durant toutes ces ann\u00e9es beaucoup alli\u00e9 le voyage au travail, ce qui nous a permis de s\u2019exp\u00e9riment\u00e9 sur les diff\u00e9rents&nbsp;<\/p>\n\n\n\n<p>&nbsp;ou nous avons pass\u00e9 une grande partie de notre vie&nbsp; s\u2019associer dans des et fusionnel qui nous \u00e0 permis de cr\u00e9er&nbsp;<\/p>\n","protected":false},"excerpt":{"rendered":"<p>Avec plus de 25 ans d\u2019exp\u00e9rience dans les diff\u00e9rents m\u00e9tiers de l\u2019immobilier comme la transaction, la d\u00e9fiscalisation, la vente du neuf, courtier en financement, la gestion locative et l\u2019expertise immobili\u00e8re, Blandine et Laurent VANOVERSCHELDE seront vous assister dans vos projets immobiliers. Blandine et Laurent se sont mari\u00e9s en aout 1998, date \u00e0 laquelle ils se [&hellip;]<\/p>\n","protected":false},"author":1,"featured_media":0,"parent":0,"menu_order":0,"comment_status":"closed","ping_status":"closed","template":"","meta":{"footnotes":""},"class_list":["post-142","page","type-page","status-publish","hentry"],"jetpack_sharing_enabled":true,"_links":{"self":[{"href":"http:\/\/coach-immo.fr\/fr_fr\/wp-json\/wp\/v2\/pages\/142","targetHints":{"allow":["GET"]}}],"collection":[{"href":"http:\/\/coach-immo.fr\/fr_fr\/wp-json\/wp\/v2\/pages"}],"about":[{"href":"http:\/\/coach-immo.fr\/fr_fr\/wp-json\/wp\/v2\/types\/page"}],"author":[{"embeddable":true,"href":"http:\/\/coach-immo.fr\/fr_fr\/wp-json\/wp\/v2\/users\/1"}],"replies":[{"embeddable":true,"href":"http:\/\/coach-immo.fr\/fr_fr\/wp-json\/wp\/v2\/comments?post=142"}],"version-history":[{"count":3,"href":"http:\/\/coach-immo.fr\/fr_fr\/wp-json\/wp\/v2\/pages\/142\/revisions"}],"predecessor-version":[{"id":543,"href":"http:\/\/coach-immo.fr\/fr_fr\/wp-json\/wp\/v2\/pages\/142\/revisions\/543"}],"wp:attachment":[{"href":"http:\/\/coach-immo.fr\/fr_fr\/wp-json\/wp\/v2\/media?parent=142"}],"curies":[{"name":"wp","href":"https:\/\/api.w.org\/{rel}","templated":true}]}}