{"id":100,"date":"2025-01-09T16:30:53","date_gmt":"2025-01-09T16:30:53","guid":{"rendered":"http:\/\/coach-immo.fr\/?page_id=100"},"modified":"2025-01-09T16:30:53","modified_gmt":"2025-01-09T16:30:53","slug":"biographie-commune","status":"publish","type":"page","link":"http:\/\/coach-immo.fr\/fr_fr\/biographie-commune","title":{"rendered":"Biographie commune"},"content":{"rendered":"\n<div class=\"wp-block-columns is-layout-flex wp-container-core-columns-is-layout-9d6595d7 wp-block-columns-is-layout-flex\">\n<div class=\"wp-block-column is-layout-flow wp-block-column-is-layout-flow\">\n<p><strong>Blandine VANOVERSCHELDE<\/strong><\/p>\n\n\n\n<p>N\u00e9e dans le sud de la France, j\u2019ai, d\u00e8s mon plus jeune \u00e2ge, parcouru les vastes \u00e9tendus de l&rsquo;oc\u00e9an Indien, les terres d&rsquo;Am\u00e9rique du Nord et du Sud, gr\u00e2ce \u00e0 mes parents, qui y ont d\u00e9velopper plusieurs affaires pour s\u2019installer d\u00e9finitivement dans les Cara\u00efbes o\u00f9 ils ont tiss\u00e9 la toile de leurs entreprises florissantes, m&rsquo;offrant ainsi une enfance berc\u00e9e par l&rsquo;entrepreneuriat et l&rsquo;aventure.<\/p>\n\n\n\n<p>Les voyages ont fa\u00e7onn\u00e9 ma vision du monde, \u00e9largissant mes horizons et aiguisant ma curiosit\u00e9 pour les cultures et les affaires internationales. Cette exposition pr\u00e9coce au monde des affaires m&rsquo;a conduite vers des \u00e9tudes en droit des affaires et de l\u2019immobilier, o\u00f9 j&rsquo;ai acquis une compr\u00e9hension profonde des m\u00e9canismes juridiques qui r\u00e9gissent le commerce et la propri\u00e9t\u00e9. Parall\u00e8lement \u00e0 mes \u00e9tudes acad\u00e9miques, je me suis passionn\u00e9e pour les sports de glisse et le golf.<\/p>\n<\/div>\n\n\n\n<div class=\"wp-block-column is-layout-flow wp-block-column-is-layout-flow\">\n<p><strong>Laurent VANOVERSCHELDE<\/strong><\/p>\n\n\n\n<p>Je suis un homme dont la vie est un r\u00e9cit d&rsquo;aventure et de pers\u00e9v\u00e9rance, j\u2019ai vu le jour dans la r\u00e9gion des Hauts-de-France. C&rsquo;est l\u00e0, que j\u2019ai consacr\u00e9 ma jeunesse \u00e0 l&rsquo;acquisition du savoir et \u00e0 l&rsquo;excellence sportive de haut niveau. Mais mon esprit inlassablement curieux qui m&rsquo;a pouss\u00e9 \u00e0 m&rsquo;\u00e9loigner des sentiers battus, \u00e0 la recherche de connaissances et d&rsquo;exp\u00e9riences au-del\u00e0 des fronti\u00e8res de ma terre natale.<\/p>\n\n\n\n<p>Le monde, vaste et diversifi\u00e9, est devenu mon terrain de jeu et ma salle de classe. En parcourant les 5 continents pendant 8 ans, j\u2019ai embrass\u00e9 la richesse des cultures, apprenant les subtilit\u00e9s du relationnel, les nuances de la communication, l&rsquo;art de la persuasion et la puissance de la motivation. J\u2019ai fini par poser mes valises en 1996 en tombant amoureux de cette magnifique \u00eele de la Martinique.&nbsp;<\/p>\n<\/div>\n<\/div>\n\n\n\n<p>Notre rencontre semblait \u00eatre \u00e9crite dans les \u00e9toiles, un regard \u00e9chang\u00e9 lors d\u2019une partie de golf a suffi pour sceller notre destin. Le mariage est venu naturellement, puis l&rsquo;arriv\u00e9e de nos deux merveilleux enfants. Chaque jour pass\u00e9 ensemble renforce notre conviction que le destin nous avait r\u00e9serv\u00e9 cette belle aventure.<\/p>\n\n\n\n<p>Nous avons d\u00e9cid\u00e9 en 2002 d\u2019unir nos forces et nos comp\u00e9tences en cr\u00e9ant notre soci\u00e9t\u00e9 d\u2019investissement et d\u2019immobilier en faisant l\u2019acquisition de gros noms de domaines comme d\u00e9fiscalisation.com, immobilier.net, emprunter.com, gestion-locative.com&nbsp;<\/p>\n\n\n\n<p>qui nous ont pouss\u00e9 \u00e0 fond\u00e9 le Groupe AFDI (l\u2019Agence Fran\u00e7aise De l\u2019Immobilier) une soci\u00e9t\u00e9 qui allait refl\u00e9ter son engagement pour l&rsquo;excellence et son amour pour les diff\u00e9rents domaines de l&rsquo;immobilier. Le succ\u00e8s de cette entreprise a \u00e9t\u00e9 tel que nous avons ouvert plusieurs agences en France, sur la Caraibe, en Polyn\u00e9sie et l\u2019oc\u00e9an Indien avec des partenariats en Suisse, en Floride et sur le Canada.<\/p>\n\n\n\n<p>Autodidacte, j\u2019ai sculpt\u00e9 mon expertise \u00e0 travers un m\u00e9lange riche d&rsquo;exp\u00e9riences personnelles et professionnelles. J\u2019ai appris \u00e0 naviguer dans les eaux parfois tumultueuses du commerce et a ma\u00eetris\u00e9 l&rsquo;art de l&rsquo;immobilier, un domaine o\u00f9 la perspicacit\u00e9 et la vision sont essentielles.&nbsp; Dans le creuset de ses exp\u00e9riences personnelles et professionnelles, j\u2019ai forg\u00e9 un savoir-faire exceptionnel, d\u00e9veloppant un go\u00fbt prononc\u00e9 pour le commerce et une ma\u00eetrise approfondie du secteur immobilier.<\/p>\n\n\n\n<p>Aujourd&rsquo;hui, apr\u00e8s un quart de si\u00e8cle d&rsquo;immersion dans les m\u00e9andres de l&rsquo;immobilier, nous avons \u00e9tait eu l\u2019occasion de vendre nos agences immobili\u00e8res, ce qui nous a permis de se r\u00e9inventer dans l&rsquo;ar\u00e8ne du coaching. Forts de notre exp\u00e9rience et de notre libert\u00e9 professionnelle nouvellement acquise, nous nous sommes donn\u00e9s pour mission de concentrer nos forces, notre sagesse et notre passion pour offrir une assistance sans pareille \u00e0 ceux qui aspirent \u00e0 r\u00e9aliser leurs projets immobiliers.<\/p>\n\n\n\n<p>Notre mission est claire : concentrer nos forces accumul\u00e9es pour fournir le maximum d&rsquo;assistance dans la r\u00e9alisation des projets immobiliers de nos clients, les aidant \u00e0 transformer leurs r\u00eaves en r\u00e9alit\u00e9s tangibles. C&rsquo;est avec cette vision et cette libert\u00e9 professionnelle renouvel\u00e9e que nous avan\u00e7ons dans l&rsquo;avenir, pr\u00eats \u00e0 partager les cl\u00e9s de la r\u00e9ussite avec tous ceux qui aspirent \u00e0 la grandeur dans leurs propres projets immobiliers.<\/p>\n\n\n\n<p><\/p>\n","protected":false},"excerpt":{"rendered":"<p>Blandine VANOVERSCHELDE N\u00e9e dans le sud de la France, j\u2019ai, d\u00e8s mon plus jeune \u00e2ge, parcouru les vastes \u00e9tendus de l&rsquo;oc\u00e9an Indien, les terres d&rsquo;Am\u00e9rique du Nord et du Sud, gr\u00e2ce \u00e0 mes parents, qui y ont d\u00e9velopper plusieurs affaires pour s\u2019installer d\u00e9finitivement dans les Cara\u00efbes o\u00f9 ils ont tiss\u00e9 la toile de leurs entreprises [&hellip;]<\/p>\n","protected":false},"author":1,"featured_media":0,"parent":0,"menu_order":0,"comment_status":"closed","ping_status":"closed","template":"","meta":{"footnotes":""},"class_list":["post-100","page","type-page","status-publish","hentry"],"jetpack_sharing_enabled":true,"_links":{"self":[{"href":"http:\/\/coach-immo.fr\/fr_fr\/wp-json\/wp\/v2\/pages\/100","targetHints":{"allow":["GET"]}}],"collection":[{"href":"http:\/\/coach-immo.fr\/fr_fr\/wp-json\/wp\/v2\/pages"}],"about":[{"href":"http:\/\/coach-immo.fr\/fr_fr\/wp-json\/wp\/v2\/types\/page"}],"author":[{"embeddable":true,"href":"http:\/\/coach-immo.fr\/fr_fr\/wp-json\/wp\/v2\/users\/1"}],"replies":[{"embeddable":true,"href":"http:\/\/coach-immo.fr\/fr_fr\/wp-json\/wp\/v2\/comments?post=100"}],"version-history":[{"count":1,"href":"http:\/\/coach-immo.fr\/fr_fr\/wp-json\/wp\/v2\/pages\/100\/revisions"}],"predecessor-version":[{"id":101,"href":"http:\/\/coach-immo.fr\/fr_fr\/wp-json\/wp\/v2\/pages\/100\/revisions\/101"}],"wp:attachment":[{"href":"http:\/\/coach-immo.fr\/fr_fr\/wp-json\/wp\/v2\/media?parent=100"}],"curies":[{"name":"wp","href":"https:\/\/api.w.org\/{rel}","templated":true}]}}